{"id":31,"date":"2020-09-30T08:04:01","date_gmt":"2020-09-30T06:04:01","guid":{"rendered":"http:\/\/print.prospectiv.pro\/?page_id=31"},"modified":"2024-02-20T19:13:49","modified_gmt":"2024-02-20T18:13:49","slug":"nos-realisations","status":"publish","type":"page","link":"https:\/\/printpapier.ch\/de\/unsere-ausfuhrungen\/","title":{"rendered":"Unsere Ausf\u00fchrungen"},"content":{"rendered":"","protected":false},"excerpt":{"rendered":"","protected":false},"author":1,"featured_media":0,"parent":0,"menu_order":7,"comment_status":"closed","ping_status":"closed","template":"","meta":{"_seopress_robots_primary_cat":"","_seopress_titles_title":"Nos r\u00e9alisations | PrintPapier AG","_seopress_titles_desc":"Retrouvez ici toutes nos r\u00e9alisations de produits. Rouleaux de papier, Billets, \u00c9tiquettes, Billets en rouleaux, Films transparents, Transferts Thermiques...","_seopress_robots_index":"","inline_featured_image":false,"footnotes":""},"class_list":["post-31","page","type-page","status-publish","hentry"],"acf":[],"_links":{"self":[{"href":"https:\/\/printpapier.ch\/de\/wp-json\/wp\/v2\/pages\/31","targetHints":{"allow":["GET"]}}],"collection":[{"href":"https:\/\/printpapier.ch\/de\/wp-json\/wp\/v2\/pages"}],"about":[{"href":"https:\/\/printpapier.ch\/de\/wp-json\/wp\/v2\/types\/page"}],"author":[{"embeddable":true,"href":"https:\/\/printpapier.ch\/de\/wp-json\/wp\/v2\/users\/1"}],"replies":[{"embeddable":true,"href":"https:\/\/printpapier.ch\/de\/wp-json\/wp\/v2\/comments?post=31"}],"version-history":[{"count":6,"href":"https:\/\/printpapier.ch\/de\/wp-json\/wp\/v2\/pages\/31\/revisions"}],"predecessor-version":[{"id":1171,"href":"https:\/\/printpapier.ch\/de\/wp-json\/wp\/v2\/pages\/31\/revisions\/1171"}],"wp:attachment":[{"href":"https:\/\/printpapier.ch\/de\/wp-json\/wp\/v2\/media?parent=31"}],"curies":[{"name":"wp","href":"https:\/\/api.w.org\/{rel}","templated":true}]}}