{"id":25,"date":"2020-09-30T08:01:40","date_gmt":"2020-09-30T06:01:40","guid":{"rendered":"http:\/\/print.prospectiv.pro\/?page_id=25"},"modified":"2024-02-20T19:13:08","modified_gmt":"2024-02-20T18:13:08","slug":"nos-produits","status":"publish","type":"page","link":"https:\/\/printpapier.ch\/de\/unsere-produkte\/","title":{"rendered":"Unsere Produkte"},"content":{"rendered":"","protected":false},"excerpt":{"rendered":"","protected":false},"author":1,"featured_media":0,"parent":0,"menu_order":6,"comment_status":"closed","ping_status":"closed","template":"","meta":{"_seopress_robots_primary_cat":"","_seopress_titles_title":"Nos produits | PrintPapier ","_seopress_titles_desc":"Aper\u00e7u de nos produits. Tous nos produits sont fabriqu\u00e9s selon vos besoins et vos exigences. Nos qualit\u00e9s: Impression flexographique 7-couleurs...","_seopress_robots_index":"","inline_featured_image":false,"footnotes":""},"class_list":["post-25","page","type-page","status-publish","hentry"],"acf":[],"_links":{"self":[{"href":"https:\/\/printpapier.ch\/de\/wp-json\/wp\/v2\/pages\/25","targetHints":{"allow":["GET"]}}],"collection":[{"href":"https:\/\/printpapier.ch\/de\/wp-json\/wp\/v2\/pages"}],"about":[{"href":"https:\/\/printpapier.ch\/de\/wp-json\/wp\/v2\/types\/page"}],"author":[{"embeddable":true,"href":"https:\/\/printpapier.ch\/de\/wp-json\/wp\/v2\/users\/1"}],"replies":[{"embeddable":true,"href":"https:\/\/printpapier.ch\/de\/wp-json\/wp\/v2\/comments?post=25"}],"version-history":[{"count":7,"href":"https:\/\/printpapier.ch\/de\/wp-json\/wp\/v2\/pages\/25\/revisions"}],"predecessor-version":[{"id":1164,"href":"https:\/\/printpapier.ch\/de\/wp-json\/wp\/v2\/pages\/25\/revisions\/1164"}],"wp:attachment":[{"href":"https:\/\/printpapier.ch\/de\/wp-json\/wp\/v2\/media?parent=25"}],"curies":[{"name":"wp","href":"https:\/\/api.w.org\/{rel}","templated":true}]}}