{"id":20,"date":"2020-09-30T05:07:30","date_gmt":"2020-09-30T03:07:30","guid":{"rendered":"http:\/\/print.prospectiv.pro\/?page_id=20"},"modified":"2024-02-20T19:11:42","modified_gmt":"2024-02-20T18:11:42","slug":"contact","status":"publish","type":"page","link":"https:\/\/printpapier.ch\/de\/kontakt\/","title":{"rendered":"Kontakt"},"content":{"rendered":"","protected":false},"excerpt":{"rendered":"","protected":false},"author":1,"featured_media":0,"parent":0,"menu_order":4,"comment_status":"closed","ping_status":"closed","template":"","meta":{"_seopress_robots_primary_cat":"","_seopress_titles_title":"Contact | PrintPapier","_seopress_titles_desc":"Formulaire de contact. Nous vous remercions de votre int\u00e9r\u00eat. Selon votre d\u00e9sir, nous allons rapidement examiner votre demande et prendre contact avec vous.","_seopress_robots_index":"","inline_featured_image":false,"footnotes":""},"class_list":["post-20","page","type-page","status-publish","hentry"],"acf":[],"_links":{"self":[{"href":"https:\/\/printpapier.ch\/de\/wp-json\/wp\/v2\/pages\/20","targetHints":{"allow":["GET"]}}],"collection":[{"href":"https:\/\/printpapier.ch\/de\/wp-json\/wp\/v2\/pages"}],"about":[{"href":"https:\/\/printpapier.ch\/de\/wp-json\/wp\/v2\/types\/page"}],"author":[{"embeddable":true,"href":"https:\/\/printpapier.ch\/de\/wp-json\/wp\/v2\/users\/1"}],"replies":[{"embeddable":true,"href":"https:\/\/printpapier.ch\/de\/wp-json\/wp\/v2\/comments?post=20"}],"version-history":[{"count":9,"href":"https:\/\/printpapier.ch\/de\/wp-json\/wp\/v2\/pages\/20\/revisions"}],"predecessor-version":[{"id":1161,"href":"https:\/\/printpapier.ch\/de\/wp-json\/wp\/v2\/pages\/20\/revisions\/1161"}],"wp:attachment":[{"href":"https:\/\/printpapier.ch\/de\/wp-json\/wp\/v2\/media?parent=20"}],"curies":[{"name":"wp","href":"https:\/\/api.w.org\/{rel}","templated":true}]}}