{"id":148,"date":"2020-10-01T22:17:57","date_gmt":"2020-10-01T20:17:57","guid":{"rendered":"http:\/\/print.prospectiv.pro\/?page_id=148"},"modified":"2024-02-20T19:13:29","modified_gmt":"2024-02-20T18:13:29","slug":"film-transparent","status":"publish","type":"page","link":"https:\/\/printpapier.ch\/de\/unsere-produkte\/transparente-folien\/","title":{"rendered":"Transparente Folien"},"content":{"rendered":"","protected":false},"excerpt":{"rendered":"","protected":false},"author":1,"featured_media":0,"parent":25,"menu_order":0,"comment_status":"closed","ping_status":"closed","template":"","meta":{"_seopress_robots_primary_cat":"","_seopress_titles_title":"Films transparent | PrintPapier AG","_seopress_titles_desc":"Bobine de films transparent neutre. pour l&#039;emballage industriel et alimentaire imprim\u00e9 neutre. Envoyer enqu\u00eate. Bobine de films transparent imprim\u00e9.","_seopress_robots_index":"","inline_featured_image":false,"footnotes":""},"class_list":["post-148","page","type-page","status-publish","hentry"],"acf":[],"_links":{"self":[{"href":"https:\/\/printpapier.ch\/de\/wp-json\/wp\/v2\/pages\/148","targetHints":{"allow":["GET"]}}],"collection":[{"href":"https:\/\/printpapier.ch\/de\/wp-json\/wp\/v2\/pages"}],"about":[{"href":"https:\/\/printpapier.ch\/de\/wp-json\/wp\/v2\/types\/page"}],"author":[{"embeddable":true,"href":"https:\/\/printpapier.ch\/de\/wp-json\/wp\/v2\/users\/1"}],"replies":[{"embeddable":true,"href":"https:\/\/printpapier.ch\/de\/wp-json\/wp\/v2\/comments?post=148"}],"version-history":[{"count":11,"href":"https:\/\/printpapier.ch\/de\/wp-json\/wp\/v2\/pages\/148\/revisions"}],"predecessor-version":[{"id":1168,"href":"https:\/\/printpapier.ch\/de\/wp-json\/wp\/v2\/pages\/148\/revisions\/1168"}],"up":[{"embeddable":true,"href":"https:\/\/printpapier.ch\/de\/wp-json\/wp\/v2\/pages\/25"}],"wp:attachment":[{"href":"https:\/\/printpapier.ch\/de\/wp-json\/wp\/v2\/media?parent=148"}],"curies":[{"name":"wp","href":"https:\/\/api.w.org\/{rel}","templated":true}]}}