{"id":146,"date":"2020-10-01T22:17:29","date_gmt":"2020-10-01T20:17:29","guid":{"rendered":"http:\/\/print.prospectiv.pro\/?page_id=146"},"modified":"2024-02-20T19:13:13","modified_gmt":"2024-02-20T18:13:13","slug":"billets-en-rouleaux","status":"publish","type":"page","link":"https:\/\/printpapier.ch\/de\/unsere-produkte\/tickets-in-rollen\/","title":{"rendered":"Tickets in Rollen"},"content":{"rendered":"","protected":false},"excerpt":{"rendered":"","protected":false},"author":1,"featured_media":0,"parent":25,"menu_order":0,"comment_status":"closed","ping_status":"closed","template":"","meta":{"_seopress_robots_primary_cat":"","_seopress_titles_title":"Nos produits - Billets en rouleaux | PrintPapier AG","_seopress_titles_desc":"Parking, bus, train, tramway (transports publics). Envoyer enqu\u00eate. Ev\u00e9nements. Th\u00e9\u00e2tre, concerts, \u00e9v\u00e9nements sportifs. Envoyer enqu\u00eate. Billets de transport.","_seopress_robots_index":"","inline_featured_image":false,"footnotes":""},"class_list":["post-146","page","type-page","status-publish","hentry"],"acf":[],"_links":{"self":[{"href":"https:\/\/printpapier.ch\/de\/wp-json\/wp\/v2\/pages\/146","targetHints":{"allow":["GET"]}}],"collection":[{"href":"https:\/\/printpapier.ch\/de\/wp-json\/wp\/v2\/pages"}],"about":[{"href":"https:\/\/printpapier.ch\/de\/wp-json\/wp\/v2\/types\/page"}],"author":[{"embeddable":true,"href":"https:\/\/printpapier.ch\/de\/wp-json\/wp\/v2\/users\/1"}],"replies":[{"embeddable":true,"href":"https:\/\/printpapier.ch\/de\/wp-json\/wp\/v2\/comments?post=146"}],"version-history":[{"count":15,"href":"https:\/\/printpapier.ch\/de\/wp-json\/wp\/v2\/pages\/146\/revisions"}],"predecessor-version":[{"id":1165,"href":"https:\/\/printpapier.ch\/de\/wp-json\/wp\/v2\/pages\/146\/revisions\/1165"}],"up":[{"embeddable":true,"href":"https:\/\/printpapier.ch\/de\/wp-json\/wp\/v2\/pages\/25"}],"wp:attachment":[{"href":"https:\/\/printpapier.ch\/de\/wp-json\/wp\/v2\/media?parent=146"}],"curies":[{"name":"wp","href":"https:\/\/api.w.org\/{rel}","templated":true}]}}