{"id":144,"date":"2020-10-01T22:16:52","date_gmt":"2020-10-01T20:16:52","guid":{"rendered":"http:\/\/print.prospectiv.pro\/?page_id=144"},"modified":"2024-02-20T19:13:24","modified_gmt":"2024-02-20T18:13:24","slug":"etiquettes","status":"publish","type":"page","link":"https:\/\/printpapier.ch\/de\/unsere-produkte\/etiketten\/","title":{"rendered":"Etiketten"},"content":{"rendered":"","protected":false},"excerpt":{"rendered":"","protected":false},"author":1,"featured_media":0,"parent":25,"menu_order":0,"comment_status":"closed","ping_status":"closed","template":"","meta":{"_seopress_robots_primary_cat":"","_seopress_titles_title":"\u00c9tiquettes | PrintPapier AG","_seopress_titles_desc":"Disponibles dans toutes les formes et tailles, contour d\u00e9coup\u00e9, diff\u00e9rents mod\u00e8les et mat\u00e9riaux de base. Envoyer enqu\u00eate. Etiquettes \u00e0 suspendre.","_seopress_robots_index":"","inline_featured_image":false,"footnotes":""},"class_list":["post-144","page","type-page","status-publish","hentry"],"acf":[],"_links":{"self":[{"href":"https:\/\/printpapier.ch\/de\/wp-json\/wp\/v2\/pages\/144","targetHints":{"allow":["GET"]}}],"collection":[{"href":"https:\/\/printpapier.ch\/de\/wp-json\/wp\/v2\/pages"}],"about":[{"href":"https:\/\/printpapier.ch\/de\/wp-json\/wp\/v2\/types\/page"}],"author":[{"embeddable":true,"href":"https:\/\/printpapier.ch\/de\/wp-json\/wp\/v2\/users\/1"}],"replies":[{"embeddable":true,"href":"https:\/\/printpapier.ch\/de\/wp-json\/wp\/v2\/comments?post=144"}],"version-history":[{"count":19,"href":"https:\/\/printpapier.ch\/de\/wp-json\/wp\/v2\/pages\/144\/revisions"}],"predecessor-version":[{"id":1167,"href":"https:\/\/printpapier.ch\/de\/wp-json\/wp\/v2\/pages\/144\/revisions\/1167"}],"up":[{"embeddable":true,"href":"https:\/\/printpapier.ch\/de\/wp-json\/wp\/v2\/pages\/25"}],"wp:attachment":[{"href":"https:\/\/printpapier.ch\/de\/wp-json\/wp\/v2\/media?parent=144"}],"curies":[{"name":"wp","href":"https:\/\/api.w.org\/{rel}","templated":true}]}}