{"id":142,"date":"2020-10-01T22:16:36","date_gmt":"2020-10-01T20:16:36","guid":{"rendered":"http:\/\/print.prospectiv.pro\/?page_id=142"},"modified":"2024-02-20T19:13:18","modified_gmt":"2024-02-20T18:13:18","slug":"billets","status":"publish","type":"page","link":"https:\/\/printpapier.ch\/de\/unsere-produkte\/tickets\/","title":{"rendered":"Tickets"},"content":{"rendered":"","protected":false},"excerpt":{"rendered":"","protected":false},"author":1,"featured_media":0,"parent":25,"menu_order":0,"comment_status":"closed","ping_status":"closed","template":"","meta":{"_seopress_robots_primary_cat":"","_seopress_titles_title":"Nos produits - Billets | PrintPapier AG","_seopress_titles_desc":"Cartes multicourses pour train, bus, tramway (transports publics). Billets en bloc, Billets d&#039;entr\u00e9e, Billets de s\u00e9curit\u00e9","_seopress_robots_index":"","inline_featured_image":false,"footnotes":""},"class_list":["post-142","page","type-page","status-publish","hentry"],"acf":[],"_links":{"self":[{"href":"https:\/\/printpapier.ch\/de\/wp-json\/wp\/v2\/pages\/142","targetHints":{"allow":["GET"]}}],"collection":[{"href":"https:\/\/printpapier.ch\/de\/wp-json\/wp\/v2\/pages"}],"about":[{"href":"https:\/\/printpapier.ch\/de\/wp-json\/wp\/v2\/types\/page"}],"author":[{"embeddable":true,"href":"https:\/\/printpapier.ch\/de\/wp-json\/wp\/v2\/users\/1"}],"replies":[{"embeddable":true,"href":"https:\/\/printpapier.ch\/de\/wp-json\/wp\/v2\/comments?post=142"}],"version-history":[{"count":14,"href":"https:\/\/printpapier.ch\/de\/wp-json\/wp\/v2\/pages\/142\/revisions"}],"predecessor-version":[{"id":1166,"href":"https:\/\/printpapier.ch\/de\/wp-json\/wp\/v2\/pages\/142\/revisions\/1166"}],"up":[{"embeddable":true,"href":"https:\/\/printpapier.ch\/de\/wp-json\/wp\/v2\/pages\/25"}],"wp:attachment":[{"href":"https:\/\/printpapier.ch\/de\/wp-json\/wp\/v2\/media?parent=142"}],"curies":[{"name":"wp","href":"https:\/\/api.w.org\/{rel}","templated":true}]}}